{"id":35,"date":"2023-02-10T11:06:48","date_gmt":"2023-02-10T11:06:48","guid":{"rendered":"https:\/\/equipatucocina-es.preview-domain.com\/?page_id=35"},"modified":"2023-06-27T13:15:32","modified_gmt":"2023-06-27T13:15:32","slug":"cuberteria","status":"publish","type":"page","link":"https:\/\/equipatucocina.es\/?page_id=35","title":{"rendered":"Cuberter\u00eda"},"content":{"rendered":"\n<div class=\"wp-block-columns alignfull is-layout-flex wp-container-5\">\n<div class=\"wp-block-column is-layout-flow\" style=\"flex-basis:50%\">\n<div class=\"wp-block-cover is-light\" style=\"min-height:600px\"><span aria-hidden=\"true\" class=\"wp-block-cover__background has-background-dim-100 has-background-dim\" style=\"background-color:#c99c66\"><\/span><div class=\"wp-block-cover__inner-container\">\n<figure class=\"wp-block-image aligncenter size-large is-resized\"><img decoding=\"async\" loading=\"lazy\" src=\"http:\/\/equipatucocina.es\/wp-content\/uploads\/2023\/02\/pexels-pixabay-269257-683x1024.jpg\" alt=\"\" class=\"wp-image-107\" width=\"394\" height=\"582\"\/><\/figure>\n<\/div><\/div>\n<\/div>\n\n\n\n<div class=\"wp-block-column is-vertically-aligned-center is-layout-flow\" style=\"padding-top:1em;padding-right:1em;padding-bottom:1em;padding-left:1em\">\n<div class=\"wp-block-columns is-layout-flex wp-container-3\">\n<div class=\"wp-block-column is-layout-flow\" style=\"flex-basis:320px\">\n<p class=\"has-text-color has-large-font-size\" style=\"color:#b69162;font-style:normal;font-weight:600\">Mejora tu experiencia gastron\u00f3mica con nuestra elegante cuberter\u00eda<\/p>\n\n\n\n<p class=\"has-text-color has-large-font-size\" style=\"color:#b69162;font-style:normal;font-weight:600\"> Con nuestros juegos de cubiertos de alta calidad, disfrutar\u00e1s cada bocado con estilo y comodidad.<\/p>\n<\/div>\n<\/div>\n<\/div>\n<\/div>\n\n\n<p >No se han encontrado productos.<\/p>\n\n\n<p><\/p>\n","protected":false},"excerpt":{"rendered":"<p>Mejora tu experiencia gastron\u00f3mica con nuestra elegante cuberter\u00eda Con nuestros juegos de cubiertos de alta calidad, disfrutar\u00e1s cada bocado con estilo y comodidad.<\/p>\n","protected":false},"author":1,"featured_media":0,"parent":0,"menu_order":0,"comment_status":"closed","ping_status":"closed","template":"","meta":[],"_links":{"self":[{"href":"https:\/\/equipatucocina.es\/index.php?rest_route=\/wp\/v2\/pages\/35"}],"collection":[{"href":"https:\/\/equipatucocina.es\/index.php?rest_route=\/wp\/v2\/pages"}],"about":[{"href":"https:\/\/equipatucocina.es\/index.php?rest_route=\/wp\/v2\/types\/page"}],"author":[{"embeddable":true,"href":"https:\/\/equipatucocina.es\/index.php?rest_route=\/wp\/v2\/users\/1"}],"replies":[{"embeddable":true,"href":"https:\/\/equipatucocina.es\/index.php?rest_route=%2Fwp%2Fv2%2Fcomments&post=35"}],"version-history":[{"count":3,"href":"https:\/\/equipatucocina.es\/index.php?rest_route=\/wp\/v2\/pages\/35\/revisions"}],"predecessor-version":[{"id":571,"href":"https:\/\/equipatucocina.es\/index.php?rest_route=\/wp\/v2\/pages\/35\/revisions\/571"}],"wp:attachment":[{"href":"https:\/\/equipatucocina.es\/index.php?rest_route=%2Fwp%2Fv2%2Fmedia&parent=35"}],"curies":[{"name":"wp","href":"https:\/\/api.w.org\/{rel}","templated":true}]}}