{"id":164,"date":"2023-02-15T14:35:00","date_gmt":"2023-02-15T14:35:00","guid":{"rendered":"https:\/\/equipatucocina.es\/?page_id=164"},"modified":"2023-06-21T15:33:19","modified_gmt":"2023-06-21T15:33:19","slug":"afiladores","status":"publish","type":"page","link":"https:\/\/equipatucocina.es\/?page_id=164","title":{"rendered":"afiladores"},"content":{"rendered":"\n<figure class=\"wp-block-gallery alignwide has-nested-images columns-default is-cropped wp-block-gallery-1 is-layout-flex\">\n<figure class=\"wp-block-image size-large\"><img decoding=\"async\" loading=\"lazy\" width=\"2560\" height=\"2560\" data-id=\"297\"  src=\"https:\/\/equipatucocina.es\/wp-content\/uploads\/2023\/03\/pexels-valeria-boltneva-2110485-1-edited-scaled.jpg\" alt=\"\" class=\"wp-image-297\" srcset=\"https:\/\/equipatucocina.es\/wp-content\/uploads\/2023\/03\/pexels-valeria-boltneva-2110485-1-edited-scaled.jpg 2560w, https:\/\/equipatucocina.es\/wp-content\/uploads\/2023\/03\/pexels-valeria-boltneva-2110485-1-edited-300x300.jpg 300w, https:\/\/equipatucocina.es\/wp-content\/uploads\/2023\/03\/pexels-valeria-boltneva-2110485-1-edited-1024x1024.jpg 1024w, https:\/\/equipatucocina.es\/wp-content\/uploads\/2023\/03\/pexels-valeria-boltneva-2110485-1-edited-150x150.jpg 150w, https:\/\/equipatucocina.es\/wp-content\/uploads\/2023\/03\/pexels-valeria-boltneva-2110485-1-edited-768x768.jpg 768w, https:\/\/equipatucocina.es\/wp-content\/uploads\/2023\/03\/pexels-valeria-boltneva-2110485-1-edited-1536x1536.jpg 1536w, https:\/\/equipatucocina.es\/wp-content\/uploads\/2023\/03\/pexels-valeria-boltneva-2110485-1-edited-2048x2048.jpg 2048w\" sizes=\"(max-width: 2560px) 100vw, 2560px\" \/><\/figure>\n\n\n\n<figure class=\"wp-block-image size-large\"><img decoding=\"async\" loading=\"lazy\" width=\"2558\" height=\"2560\" data-id=\"298\"  src=\"https:\/\/equipatucocina.es\/wp-content\/uploads\/2023\/03\/pexels-eneida-nieves-915001-edited-scaled.jpg\" alt=\"\" class=\"wp-image-298\" srcset=\"https:\/\/equipatucocina.es\/wp-content\/uploads\/2023\/03\/pexels-eneida-nieves-915001-edited-scaled.jpg 2558w, https:\/\/equipatucocina.es\/wp-content\/uploads\/2023\/03\/pexels-eneida-nieves-915001-edited-300x300.jpg 300w, https:\/\/equipatucocina.es\/wp-content\/uploads\/2023\/03\/pexels-eneida-nieves-915001-edited-1024x1024.jpg 1024w, https:\/\/equipatucocina.es\/wp-content\/uploads\/2023\/03\/pexels-eneida-nieves-915001-edited-150x150.jpg 150w, https:\/\/equipatucocina.es\/wp-content\/uploads\/2023\/03\/pexels-eneida-nieves-915001-edited-768x769.jpg 768w, https:\/\/equipatucocina.es\/wp-content\/uploads\/2023\/03\/pexels-eneida-nieves-915001-edited-1536x1536.jpg 1536w, https:\/\/equipatucocina.es\/wp-content\/uploads\/2023\/03\/pexels-eneida-nieves-915001-edited-2046x2048.jpg 2046w\" sizes=\"(max-width: 2558px) 100vw, 2558px\" \/><\/figure>\n<\/figure>\n\n\n<p >No se han encontrado productos.<\/p>\n\n\n<div class=\"wp-block-columns alignfull has-base-color has-text-color has-background is-layout-flex wp-container-6\" style=\"background-color:#8e5a32\">\n<div class=\"wp-block-column is-layout-flow\">\n<h3 class=\"wp-block-heading\" style=\"font-size:clamp(18px, 1.125rem + ((1vw - 7.68px) * 0.721), 24px);line-height:1.3\"><strong>afilador manual<\/strong><\/h3>\n\n\n\n<p>Mant\u00e9n tus cuchillos siempre afilados con nuestros afiladores. F\u00e1ciles de usar, eficaces y duraderos. \u00a1<\/p>\n<\/div>\n\n\n\n<div class=\"wp-block-column is-layout-flow\">\n<h3 class=\"wp-block-heading\" style=\"font-size:clamp(18px, 1.125rem + ((1vw - 7.68px) * 0.721), 24px);line-height:1.3\"><strong>afilador el\u00e9ctrico<\/strong><\/h3>\n\n\n\n<p>No m\u00e1s cuchillos desafilados! Disfruta de una cocina m\u00e1s segura y eficiente con unos cuchillos y tijeras siempre perfectos.<\/p>\n<\/div>\n\n\n\n<div class=\"wp-block-column is-layout-flow\">\n<h3 class=\"wp-block-heading\" style=\"font-size:clamp(18px, 1.125rem + ((1vw - 7.68px) * 0.721), 24px);line-height:1.3\"><strong>recambios<\/strong><\/h3>\n\n\n\n<p>Nuestros afiladores son la herramienta indispensable para mantener tus utensilios de corte en \u00f3ptimas condiciones.<\/p>\n<\/div>\n<\/div>\n","protected":false},"excerpt":{"rendered":"<p>afilador manual Mant\u00e9n tus cuchillos siempre afilados con nuestros afiladores. F\u00e1ciles de usar, eficaces y duraderos. \u00a1 afilador el\u00e9ctrico No m\u00e1s cuchillos desafilados! Disfruta de una cocina m\u00e1s segura y eficiente con unos cuchillos y tijeras siempre perfectos. recambios Nuestros afiladores son la herramienta indispensable para mantener tus utensilios de corte en \u00f3ptimas condiciones.<\/p>\n","protected":false},"author":1,"featured_media":0,"parent":0,"menu_order":0,"comment_status":"closed","ping_status":"closed","template":"","meta":[],"_links":{"self":[{"href":"https:\/\/equipatucocina.es\/index.php?rest_route=\/wp\/v2\/pages\/164"}],"collection":[{"href":"https:\/\/equipatucocina.es\/index.php?rest_route=\/wp\/v2\/pages"}],"about":[{"href":"https:\/\/equipatucocina.es\/index.php?rest_route=\/wp\/v2\/types\/page"}],"author":[{"embeddable":true,"href":"https:\/\/equipatucocina.es\/index.php?rest_route=\/wp\/v2\/users\/1"}],"replies":[{"embeddable":true,"href":"https:\/\/equipatucocina.es\/index.php?rest_route=%2Fwp%2Fv2%2Fcomments&post=164"}],"version-history":[{"count":3,"href":"https:\/\/equipatucocina.es\/index.php?rest_route=\/wp\/v2\/pages\/164\/revisions"}],"predecessor-version":[{"id":541,"href":"https:\/\/equipatucocina.es\/index.php?rest_route=\/wp\/v2\/pages\/164\/revisions\/541"}],"wp:attachment":[{"href":"https:\/\/equipatucocina.es\/index.php?rest_route=%2Fwp%2Fv2%2Fmedia&parent=164"}],"curies":[{"name":"wp","href":"https:\/\/api.w.org\/{rel}","templated":true}]}}